{"id":553,"date":"2010-05-23T18:25:21","date_gmt":"2010-05-23T16:25:21","guid":{"rendered":"http:\/\/127.0.0.1\/baravmusic\/?page_id=553"},"modified":"2019-09-23T11:39:18","modified_gmt":"2019-09-23T09:39:18","slug":"553-2","status":"publish","type":"page","link":"https:\/\/www.baravmusic.com\/cms\/553-2\/","title":{"rendered":"\u00c0 Propos de Barav Music"},"content":{"rendered":"<p class=\"ppp\">Barav Music est une agence musicale qui se consacre \u00e0 des productions exclusives sortant de l\u2019ordinaire: r\u00e9pertoire inconnu de compositeurs de renom, \u0153uvres originales de compositeurs moins connus, parmi lesquelles de nombreuses compositions d\u2019Espagne et d\u2019Am\u00e9rique latine ainsi que morceaux classiques inspir\u00e9s de la musique populaire. Actuellement, Barav Music s\u2019int\u00e9resse essentiellement au r\u00e9pertoire italien et espagnol du 19<sup>e<\/sup> si\u00e8cle, un r\u00e9pertoire susceptible d\u2019attirer un large public. En plus de ses propres projets, Barav Music con\u00e7oit aussi des projets pour le compte de tiers. De la conception \u00e0 l\u2019ex\u00e9cution, il est ainsi donn\u00e9 vie aux id\u00e9es musicales sous toutes leurs facettes.<\/p>\n<p class=\"ppp\">La collaboration avec la chanteuse Mirjam Wesselink de Barrientos a donn\u00e9 lieu \u00e0 divers programmes remarquables, dont deux ont \u00e9t\u00e9 interpr\u00e9t\u00e9s au Concertgebouw d\u2019Amsterdam en tant que programmes de concert complets.<\/p>\n<p style=\"padding: 0% 9% 0% 3%;\">Sous le label Barav Music est paru le CD \u201cCaminante\u201d, avec des arrangements pour chant, violon et piano de chansons de Federico Garc\u00eda Lorca et le cycle de chansons \u201cCon Antonio Machado\u201d de Joaqu\u00edn Rodrigo. Cette ann\u00e9e va para\u00eetre le CD \u201cBarcarola\u201d, avec des airs pour voix et guitare de Mauro Giuliani et Fernando Sor, ainsi que des \u201ccomposizioni da camera\u201d de Rosini et Donizetti, interpr\u00e9t\u00e9s par une formation originale chant, guitare et contrebasse.<\/p>\n","protected":false},"excerpt":{"rendered":"<p>Barav Music est une agence musicale qui se consacre \u00e0 des productions exclusives sortant de l\u2019ordinaire: r\u00e9pertoire inconnu de compositeurs de renom, \u0153uvres originales de compositeurs moins connus, parmi lesquelles de nombreuses compositions d\u2019Espagne et d\u2019Am\u00e9rique latine ainsi que morceaux classiques inspir\u00e9s de la musique populaire. Actuellement, Barav Music s\u2019int\u00e9resse essentiellement au r\u00e9pertoire italien et [&hellip;]<\/p>\n","protected":false},"author":4,"featured_media":0,"parent":0,"menu_order":1,"comment_status":"closed","ping_status":"closed","template":"full-width-page-template.php","meta":{"footnotes":""},"categories":[58],"tags":[],"class_list":["post-553","page","type-page","status-publish","hentry","category-fr"],"_links":{"self":[{"href":"https:\/\/www.baravmusic.com\/cms\/wp-json\/wp\/v2\/pages\/553","targetHints":{"allow":["GET"]}}],"collection":[{"href":"https:\/\/www.baravmusic.com\/cms\/wp-json\/wp\/v2\/pages"}],"about":[{"href":"https:\/\/www.baravmusic.com\/cms\/wp-json\/wp\/v2\/types\/page"}],"author":[{"embeddable":true,"href":"https:\/\/www.baravmusic.com\/cms\/wp-json\/wp\/v2\/users\/4"}],"replies":[{"embeddable":true,"href":"https:\/\/www.baravmusic.com\/cms\/wp-json\/wp\/v2\/comments?post=553"}],"version-history":[{"count":23,"href":"https:\/\/www.baravmusic.com\/cms\/wp-json\/wp\/v2\/pages\/553\/revisions"}],"predecessor-version":[{"id":18193,"href":"https:\/\/www.baravmusic.com\/cms\/wp-json\/wp\/v2\/pages\/553\/revisions\/18193"}],"wp:attachment":[{"href":"https:\/\/www.baravmusic.com\/cms\/wp-json\/wp\/v2\/media?parent=553"}],"wp:term":[{"taxonomy":"category","embeddable":true,"href":"https:\/\/www.baravmusic.com\/cms\/wp-json\/wp\/v2\/categories?post=553"},{"taxonomy":"post_tag","embeddable":true,"href":"https:\/\/www.baravmusic.com\/cms\/wp-json\/wp\/v2\/tags?post=553"}],"curies":[{"name":"wp","href":"https:\/\/api.w.org\/{rel}","templated":true}]}}